{"id":54981,"date":"2017-04-28T10:44:35","date_gmt":"2017-04-28T08:44:35","guid":{"rendered":"http:\/\/besser-drauf.com\/?page_id=54981"},"modified":"2018-03-29T09:09:01","modified_gmt":"2018-03-29T07:09:01","slug":"fitness","status":"publish","type":"page","link":"http:\/\/www.besser-drauf.com\/index.php\/fitness\/","title":{"rendered":"Training"},"content":{"rendered":"<p>[vc_row row_height_percent=&#8220;0&#8243; override_padding=&#8220;yes&#8220; h_padding=&#8220;2&#8243; top_padding=&#8220;5&#8243; bottom_padding=&#8220;5&#8243; back_color=&#8220;color-171865&#8243; overlay_alpha=&#8220;50&#8243; gutter_size=&#8220;3&#8243; shift_y=&#8220;0&#8243;][vc_column column_width_use_pixel=&#8220;yes&#8220; align_horizontal=&#8220;align_center&#8220; overlay_alpha=&#8220;50&#8243; gutter_size=&#8220;3&#8243; medium_width=&#8220;0&#8243; shift_x=&#8220;0&#8243; shift_y=&#8220;0&#8243; z_index=&#8220;0&#8243; width=&#8220;1\/1&#8243; column_width_pixel=&#8220;800&#8243;][vc_custom_heading text_size=&#8220;fontsize-155944&#8243; text_font=&#8220;font-762333&#8243; text_weight=&#8220;400&#8243; text_transform=&#8220;uppercase&#8220; separator=&#8220;yes&#8220; subheading=&#8220;Hast Du Verspannungen, Blockaden und Probleme mit der Wirbels\u00e4ule?<br \/>\nSuchst Du Entspannung in Meditation und Yoga oder m\u00f6chtest Du einfach nur wieder fit werden und dabei noch abnehmen?<br \/>\nDann bist Du im besser drauf Fitness-Studio in Hamburg genau richtig.<br \/>\nWir zeigen Dir mit unserem Trainingsangebot, wie es geht: &#8222;]Unser Trainingsprogramm[\/vc_custom_heading][\/vc_column][\/vc_row][vc_row row_height_percent=&#8220;0&#8243; override_padding=&#8220;yes&#8220; h_padding=&#8220;2&#8243; top_padding=&#8220;4&#8243; bottom_padding=&#8220;4&#8243; overlay_alpha=&#8220;50&#8243; gutter_size=&#8220;3&#8243; shift_y=&#8220;0&#8243; row_name=&#8220;Galileo-Training&#8220;][vc_column width=&#8220;1\/2&#8243;][vc_single_image media=&#8220;55081&#8243; media_width_percent=&#8220;100&#8243;][\/vc_column][vc_column column_width_percent=&#8220;100&#8243; override_padding=&#8220;yes&#8220; column_padding=&#8220;3&#8243; overlay_alpha=&#8220;50&#8243; gutter_size=&#8220;3&#8243; medium_width=&#8220;0&#8243; shift_x=&#8220;0&#8243; shift_y=&#8220;0&#8243; z_index=&#8220;0&#8243; width=&#8220;1\/2&#8243;][vc_custom_heading heading_semantic=&#8220;h3&#8243; text_size=&#8220;h3&#8243; text_font=&#8220;font-762333&#8243; subheading=&#8220;\u2022 Kr\u00e4ftigung des gesamten K\u00f6rpers<br \/>\n\u2022 Aufbau der R\u00fcckenmuskulatur<br \/>\n\u2022 St\u00e4rkung des Beckenbodens<br \/>\n\u2022 Figurformung und Reduktion des Unterhautfettgewebes<br \/>\n\u2022 L\u00f6sung von Verspannungen<br \/>\n\u2022 Stressabbau<br \/>\n\u2022 Osteoporose Pr\u00e4vention<br \/>\n\u2022 Hautstraffung und Abbau von Cellulite&#8220;]GALILEO\u00ae-TRAINING[\/vc_custom_heading][vc_separator][vc_custom_heading heading_semantic=&#8220;h3&#8243; text_size=&#8220;h3&#8243; text_font=&#8220;font-762333&#8243; subheading=&#8220;\u00dcberzeug Dich in nur 20 Minuten von dem innovativen Prinzip des Galileo\u00ae-Trainings, denn mehr Zeit ben\u00f6tigst du f\u00fcr die \u00dcbungen nicht.&#8220;]NUR 20 MINUTEN[\/vc_custom_heading][vc_separator][vc_custom_heading heading_semantic=&#8220;h3&#8243; text_size=&#8220;h3&#8243; text_font=&#8220;font-762333&#8243; subheading=&#8220;Die seitenalternierende Wippbewegung des Vibrationsger\u00e4tes imitiert den menschlichen Gang. Das schont R\u00fccken und Gelenke und hat den Effekt von 1.800 Schritten in nur einer Minute. Der Stoffwechsel wird angeregt und auch die versteckte Tiefenmuskulatur wird mit gezielten \u00dcbungen und professionellem Equipment trainiert und gest\u00e4rkt.&#8220;]1.800 SCHRITTE DIE MINUTE[\/vc_custom_heading][vc_column_text]Du m\u00f6chtest Dir ein Bild von unserem\u00a0Galileo\u00ae-Trainings machen?<br \/>\nDann schau Dir unseren <strong><a href=\"https:\/\/www.youtube.com\/watch?v=zljsCbgJDUk\" target=\"_blank\" rel=\"noopener noreferrer\">Film<\/a><\/strong> an.[\/vc_column_text][\/vc_column][\/vc_row][vc_row unlock_row_content=&#8220;yes&#8220; row_height_percent=&#8220;0&#8243; override_padding=&#8220;yes&#8220; h_padding=&#8220;0&#8243; top_padding=&#8220;2&#8243; bottom_padding=&#8220;2&#8243; back_color=&#8220;color-166129&#8243; overlay_alpha=&#8220;50&#8243; gutter_size=&#8220;3&#8243; shift_y=&#8220;0&#8243; row_name=&#8220;Schlingentraining&#8220;][vc_column column_width_use_pixel=&#8220;yes&#8220; align_horizontal=&#8220;align_center&#8220; override_padding=&#8220;yes&#8220; column_padding=&#8220;2&#8243; overlay_alpha=&#8220;50&#8243; gutter_size=&#8220;3&#8243; medium_width=&#8220;0&#8243; shift_x=&#8220;0&#8243; shift_y=&#8220;0&#8243; z_index=&#8220;0&#8243; width=&#8220;1\/1&#8243; column_width_pixel=&#8220;800&#8243;][vc_custom_heading text_font=&#8220;font-762333&#8243; subheading=&#8220;Lerne mit dem besser drauf Schlingen-Training ein Hammer-Workout kennen.<br \/>\nSling-Training, Suspension-Training oder TRX-Training sind \u00fcbrigens die<br \/>\nh\u00e4ufigsten Synonyme f\u00fcr Schlingen-Training.&#8220;]SCHLINGEN-TRAINING[\/vc_custom_heading][\/vc_column][\/vc_row][vc_row unlock_row_content=&#8220;yes&#8220; row_height_percent=&#8220;0&#8243; override_padding=&#8220;yes&#8220; h_padding=&#8220;0&#8243; top_padding=&#8220;0&#8243; bottom_padding=&#8220;0&#8243; back_color=&#8220;color-171865&#8243; overlay_alpha=&#8220;50&#8243; gutter_size=&#8220;3&#8243; shift_y=&#8220;0&#8243; row_name=&#8220;schlingentraining&#8220;][vc_column column_width_percent=&#8220;95&#8243; override_padding=&#8220;yes&#8220; column_padding=&#8220;3&#8243; overlay_alpha=&#8220;50&#8243; gutter_size=&#8220;2&#8243; medium_width=&#8220;0&#8243; mobile_width=&#8220;0&#8243; shift_x=&#8220;0&#8243; shift_y=&#8220;0&#8243; z_index=&#8220;0&#8243; width=&#8220;1\/2&#8243;][vc_custom_heading text_font=&#8220;font-762333&#8243; text_transform=&#8220;uppercase&#8220; subheading=&#8220;Durch die einzigartige Trainingsmethode werden auch versteckte Muskeln stimuliert und trainiert. Die besonders starke Beanspruchung der Tiefenmuskulatur st\u00e4rkt den Rumpfbereich und entlastet so R\u00fccken und Wirbels\u00e4ule.<\/p>\n<p>W\u00e4hrend beim klassischen Krafttraining an Ger\u00e4ten h\u00e4ufig nur einzelne Muskelpartien trainiert werden, arbeitest Du mit unserem Schlingen-Training mit Deinem gesamten K\u00f6rper gegen die Schwerkraft. So erzielst Du ein effizientes Ganzk\u00f6rpertraining, das Deine Bewegungskoordination verbessert und Dich ganzheitlich st\u00e4rkt. Du baust schnell und effektiv Muskeln auf und verbesserst Dein allgemeines K\u00f6rpergefu\u0308hl. Das Beste daran ist, dass jeder an den Schlingen trainieren kann. Wir passen das Leistungslevel Deiner aktuellen Fitness individuell an. So kommt jeder auf seine Kosten. Muskelkater inklusive.&#8220;]EFFEKTIVER MUSKELAUFBAU MIT UNSEREM SCHLINGEN-TRAINING[\/vc_custom_heading][\/vc_column][vc_column column_width_percent=&#8220;100&#8243; expand_height=&#8220;yes&#8220; override_padding=&#8220;yes&#8220; column_padding=&#8220;0&#8243; overlay_alpha=&#8220;50&#8243; gutter_size=&#8220;0&#8243; medium_width=&#8220;0&#8243; shift_x=&#8220;0&#8243; shift_y=&#8220;0&#8243; z_index=&#8220;0&#8243; width=&#8220;1\/2&#8243;][vc_single_image media=&#8220;55023&#8243; media_width_percent=&#8220;100&#8243;][\/vc_column][\/vc_row][vc_row unlock_row_content=&#8220;yes&#8220; row_height_percent=&#8220;0&#8243; override_padding=&#8220;yes&#8220; h_padding=&#8220;0&#8243; top_padding=&#8220;2&#8243; bottom_padding=&#8220;2&#8243; back_color=&#8220;color-126615&#8243; overlay_alpha=&#8220;50&#8243; gutter_size=&#8220;3&#8243; shift_y=&#8220;0&#8243; row_name=&#8220;yoga&#8220;][vc_column column_width_use_pixel=&#8220;yes&#8220; align_horizontal=&#8220;align_center&#8220; override_padding=&#8220;yes&#8220; column_padding=&#8220;2&#8243; overlay_alpha=&#8220;50&#8243; gutter_size=&#8220;3&#8243; medium_width=&#8220;0&#8243; shift_x=&#8220;0&#8243; shift_y=&#8220;0&#8243; z_index=&#8220;0&#8243; width=&#8220;1\/1&#8243; column_width_pixel=&#8220;800&#8243;][vc_custom_heading text_font=&#8220;font-762333&#8243;]<\/p>\n<h2 style=\"text-align: center; color: #ffffff;\">FIT UND ENTSPANNT MIT UNSEREN YOGA-KURSEN<\/h2>\n<p>[\/vc_custom_heading][vc_column_text]<span style=\"color: #ffffff;\">Du bist auf der Suche nach einem professionellen Yoga-Kurs in Hamburg? W\u00e4hle zwischen dem besser drauf Kundalini- oder Power-Yoga.<\/span>[\/vc_column_text][\/vc_column][\/vc_row][vc_row unlock_row_content=&#8220;yes&#8220; row_height_percent=&#8220;0&#8243; override_padding=&#8220;yes&#8220; h_padding=&#8220;0&#8243; top_padding=&#8220;0&#8243; bottom_padding=&#8220;0&#8243; overlay_alpha=&#8220;50&#8243; gutter_size=&#8220;3&#8243; shift_y=&#8220;0&#8243;][vc_column column_width_percent=&#8220;100&#8243; expand_height=&#8220;yes&#8220; override_padding=&#8220;yes&#8220; column_padding=&#8220;0&#8243; overlay_alpha=&#8220;50&#8243; gutter_size=&#8220;3&#8243; medium_width=&#8220;0&#8243; shift_x=&#8220;0&#8243; shift_y=&#8220;0&#8243; z_index=&#8220;0&#8243; width=&#8220;1\/2&#8243;][vc_single_image media=&#8220;55239&#8243; media_width_percent=&#8220;100&#8243;][\/vc_column][vc_column column_width_percent=&#8220;90&#8243; override_padding=&#8220;yes&#8220; column_padding=&#8220;3&#8243; style=&#8220;light&#8220; overlay_alpha=&#8220;50&#8243; gutter_size=&#8220;3&#8243; medium_width=&#8220;0&#8243; mobile_width=&#8220;0&#8243; shift_x=&#8220;0&#8243; shift_y=&#8220;0&#8243; z_index=&#8220;0&#8243; width=&#8220;1\/2&#8243;][vc_custom_heading heading_semantic=&#8220;h3&#8243; text_size=&#8220;h3&#8243; text_font=&#8220;font-762333&#8243; subheading=&#8220;M\u00f6chtest Du deine K\u00f6rperwahrnehmung st\u00e4rken und Verspannungen abbauen? Dann besuche unsere Kundalini-Yoga-Kurse bei Ester in Alsterdorf und finde durch effektiven Stressabbau zur innerer Ruhe! Mit effizienten Atem- und K\u00f6rper\u00fcbungen erlangst Du Tiefenentspannung und Gelassenheit. Zugleich st\u00e4rkt das vitalisierende Training Deinen gesamten K\u00f6rper, l\u00f6sst energetische Blockaden und f\u00fchrt zur allgemeinen Steigerung der Lebensenergie.&#8220;]KUNDALINI-YOGA[\/vc_custom_heading][vc_separator][vc_custom_heading heading_semantic=&#8220;h3&#8243; text_size=&#8220;h3&#8243; text_font=&#8220;font-762333&#8243; subheading=&#8220;Power-Yoga wirkt ganzheitlich auf K\u00f6rper und Seele. Es regt die Fettverbrennung an, strafft die K\u00f6rperkonturen und sorgt f\u00fcr einen flachen Bauch. Beim Power-Yoga bringst Du Deinen K\u00f6rper an die eigenen Grenzen und \u00f6ffnest Deinen Geist. Ob Anf\u00e4nger oder Fortgeschrittener, wir bieten Dir, genau wie beim Kundalini-Yoga, die passenden Trainingseinheiten!&#8220;]POWER-YOGA[\/vc_custom_heading][\/vc_column][\/vc_row][vc_row unlock_row_content=&#8220;yes&#8220; row_height_percent=&#8220;0&#8243; override_padding=&#8220;yes&#8220; h_padding=&#8220;0&#8243; top_padding=&#8220;2&#8243; bottom_padding=&#8220;2&#8243; back_color=&#8220;color-171865&#8243; overlay_alpha=&#8220;50&#8243; gutter_size=&#8220;3&#8243; shift_y=&#8220;0&#8243; row_name=&#8220;outdoor-training&#8220;][vc_column column_width_use_pixel=&#8220;yes&#8220; align_horizontal=&#8220;align_center&#8220; override_padding=&#8220;yes&#8220; column_padding=&#8220;3&#8243; overlay_alpha=&#8220;50&#8243; gutter_size=&#8220;3&#8243; medium_width=&#8220;0&#8243; shift_x=&#8220;0&#8243; shift_y=&#8220;0&#8243; z_index=&#8220;0&#8243; width=&#8220;1\/1&#8243; column_width_pixel=&#8220;800&#8243;][vc_custom_heading text_font=&#8220;font-762333&#8243; subheading=&#8220;Du m\u00f6chtest Deine Kondition verbessern und die Muskulatur st\u00e4rken, ohne dafu\u0308r ein Fitnessstudio zu besuchen? Dann lern unser Outdoor-Training in Hamburg kennen!&#8220;]OUTDOOR-TRAINING[\/vc_custom_heading][\/vc_column][\/vc_row][vc_row unlock_row_content=&#8220;yes&#8220; row_height_percent=&#8220;0&#8243; override_padding=&#8220;yes&#8220; h_padding=&#8220;0&#8243; top_padding=&#8220;0&#8243; bottom_padding=&#8220;0&#8243; overlay_alpha=&#8220;50&#8243; gutter_size=&#8220;3&#8243; shift_y=&#8220;0&#8243;][vc_column column_width_percent=&#8220;90&#8243; override_padding=&#8220;yes&#8220; column_padding=&#8220;3&#8243; overlay_alpha=&#8220;50&#8243; gutter_size=&#8220;3&#8243; medium_width=&#8220;0&#8243; shift_x=&#8220;0&#8243; shift_y=&#8220;0&#8243; z_index=&#8220;0&#8243; width=&#8220;1\/2&#8243;][vc_custom_heading heading_semantic=&#8220;h3&#8243; text_size=&#8220;h3&#8243; text_font=&#8220;font-762333&#8243; subheading=&#8220;Erlebe eine abwechslungsreiche Trainingsmethode unter freiem Himmel \u2013 und das bei jedem Wetter. Bei strahlendem Sonnenschein, Wind und Regen oder Schnee und Eis finden die Einheiten an der frischen Luft statt. Das st\u00e4rkt das Immunsystem und wirkt sich nachweislich positiv auf die Gesundheit von Geist und K\u00f6rper aus.<\/p>\n<p>Die gemeinsamen \u00dcbungen in Gruppen mit bis zu 15 Teilnehmern steigern die Motivation und animieren zu maximaler Leistung. So wirst Du schon bald merken, wie sich Ausdauer, Koordination und Kraft spu\u0308rbar steigern und sich Dein allgemeines Wohlbefinden bessert. Nachgewiesener positiver Nebeneffekt: Spa\u00df und gute Laune!<\/p>\n<p><strong>Mittwochs um 18.00 Uhr<\/strong>: Treffpunkt Stadtpark Caf\u00e9 Linie, Linderung 1, 22299 Hamburg<\/p>\n<p>Mindestvorraussetzung: vollst\u00e4ndige Gesundheit und ausreichende Grundlagenausdauer fu\u0308r L\u00e4ufe von 5-10 km mit Intervalleinheiten.&#8220;]GESUND UND VITAL MIT DEM OUTDOOR-TRAINING[\/vc_custom_heading][\/vc_column][vc_column width=&#8220;1\/2&#8243;][vc_single_image media=&#8220;55020&#8243; media_width_percent=&#8220;100&#8243;][\/vc_column][\/vc_row][vc_row unlock_row_content=&#8220;yes&#8220; row_height_percent=&#8220;0&#8243; override_padding=&#8220;yes&#8220; h_padding=&#8220;0&#8243; top_padding=&#8220;2&#8243; bottom_padding=&#8220;2&#8243; back_color=&#8220;color-166129&#8243; overlay_alpha=&#8220;50&#8243; gutter_size=&#8220;3&#8243; shift_y=&#8220;0&#8243; row_name=&#8220;personal-training&#8220;][vc_column column_width_use_pixel=&#8220;yes&#8220; align_horizontal=&#8220;align_center&#8220; override_padding=&#8220;yes&#8220; column_padding=&#8220;3&#8243; overlay_alpha=&#8220;50&#8243; gutter_size=&#8220;3&#8243; medium_width=&#8220;0&#8243; shift_x=&#8220;0&#8243; shift_y=&#8220;0&#8243; z_index=&#8220;0&#8243; width=&#8220;1\/1&#8243; column_width_pixel=&#8220;800&#8243;][vc_custom_heading text_font=&#8220;font-762333&#8243; subheading=&#8220;Wer ein Einzeltraining w\u00fcnscht, kann auch von einem unserer Personal Trainer betreut werden. Entweder im besser drauf Studio, zu Hause oder &#8222;draussen&#8222; f\u00fcr ein Outdoor-Training.&#8220;]PERSONAL-TRAINING[\/vc_custom_heading][\/vc_column][\/vc_row][vc_row unlock_row_content=&#8220;yes&#8220; row_height_percent=&#8220;0&#8243; override_padding=&#8220;yes&#8220; h_padding=&#8220;0&#8243; top_padding=&#8220;0&#8243; bottom_padding=&#8220;0&#8243; overlay_alpha=&#8220;50&#8243; gutter_size=&#8220;3&#8243; shift_y=&#8220;0&#8243;][vc_column column_width_percent=&#8220;100&#8243; overlay_alpha=&#8220;50&#8243; gutter_size=&#8220;3&#8243; medium_width=&#8220;0&#8243; shift_x=&#8220;0&#8243; shift_y=&#8220;0&#8243; z_index=&#8220;0&#8243; width=&#8220;1\/2&#8243;][vc_single_image media=&#8220;55076&#8243; media_width_percent=&#8220;100&#8243;][\/vc_column][vc_column column_width_percent=&#8220;90&#8243; override_padding=&#8220;yes&#8220; column_padding=&#8220;3&#8243; overlay_alpha=&#8220;50&#8243; gutter_size=&#8220;3&#8243; medium_width=&#8220;0&#8243; shift_x=&#8220;0&#8243; shift_y=&#8220;0&#8243; z_index=&#8220;0&#8243; width=&#8220;1\/2&#8243;][vc_custom_heading heading_semantic=&#8220;h3&#8243; text_size=&#8220;h3&#8243; text_font=&#8220;font-762333&#8243; subheading=&#8220;Ob als intensive Vorbereitung fu\u0308r einen Wettkampf oder weil durch Deinen Beruf kaum noch private Zeit bleibt um ins Fitness Studio zu gehen: Unsere Personal-Trainer helfen Dir, Deine pers\u00f6nlichen Ziele umzusetzen. Das Personal-Training kann aus Regelterminen bestehen oder &#8222;ab und an&#8222; stattfinden, um dir individuelle Anregungen und Tipps zu geben.<br \/>\nWir bieten pers\u00f6nliche Betreuung f\u00fcr<\/p>\n<p>\u2022 Yoga<br \/>\n\u2022 Kraft-Training<br \/>\n\u2022 Lauf-Training<br \/>\n\u2022 Functional-Training<br \/>\n\u2022 Ern\u00e4hrungsberatung&#8220;]PERSONAL-TRAINING INDIVIDUELL[\/vc_custom_heading][\/vc_column][\/vc_row][vc_row unlock_row_content=&#8220;yes&#8220; row_height_percent=&#8220;0&#8243; override_padding=&#8220;yes&#8220; h_padding=&#8220;0&#8243; top_padding=&#8220;2&#8243; bottom_padding=&#8220;2&#8243; back_color=&#8220;color-126615&#8243; overlay_alpha=&#8220;50&#8243; gutter_size=&#8220;3&#8243; shift_y=&#8220;0&#8243; row_name=&#8220;metacheck&#8220;][vc_column column_width_use_pixel=&#8220;yes&#8220; align_horizontal=&#8220;align_center&#8220; override_padding=&#8220;yes&#8220; column_padding=&#8220;3&#8243; style=&#8220;dark&#8220; overlay_alpha=&#8220;50&#8243; gutter_size=&#8220;3&#8243; medium_width=&#8220;0&#8243; mobile_width=&#8220;0&#8243; shift_x=&#8220;0&#8243; shift_y=&#8220;0&#8243; z_index=&#8220;0&#8243; width=&#8220;1\/1&#8243; column_width_pixel=&#8220;900&#8243;][vc_custom_heading text_font=&#8220;font-762333&#8243; subheading=&#8220;Auch f\u00fcr alle Nicht-Mitglieder&#8220;]METACHECK-FITNESS \u2013\u00a0AUF ZUR BIKINI-FIGUR[\/vc_custom_heading][vc_column_text]<\/p>\n<p style=\"text-align: center;\"><strong>1. Bestimmung Deines DNA-Meta-Ern\u00e4hrungstyps<\/strong><br \/>\n<strong>2. Bestimmung Deines Sporttyps plus ideale \u00dcbungen zum Kalorienverbrauch<\/strong><br \/>\n<strong>3. 21 Tage gratis Training in unserem besser drauf Studio<\/strong><\/p>\n<p>[\/vc_column_text][\/vc_column][\/vc_row][vc_row unlock_row_content=&#8220;yes&#8220; row_height_percent=&#8220;0&#8243; override_padding=&#8220;yes&#8220; h_padding=&#8220;0&#8243; top_padding=&#8220;0&#8243; bottom_padding=&#8220;0&#8243; overlay_alpha=&#8220;50&#8243; gutter_size=&#8220;3&#8243; shift_y=&#8220;0&#8243; row_name=&#8220;Yoga&#8220;][vc_column column_width_percent=&#8220;90&#8243; expand_height=&#8220;yes&#8220; override_padding=&#8220;yes&#8220; column_padding=&#8220;3&#8243; style=&#8220;light&#8220; overlay_alpha=&#8220;50&#8243; gutter_size=&#8220;3&#8243; medium_width=&#8220;0&#8243; mobile_width=&#8220;0&#8243; shift_x=&#8220;0&#8243; shift_y=&#8220;0&#8243; z_index=&#8220;0&#8243; width=&#8220;1\/2&#8243;][vc_custom_heading heading_semantic=&#8220;h3&#8243; text_size=&#8220;h3&#8243; text_font=&#8220;font-762333&#8243; subheading=&#8220;Mit einer Stoffwechselanalyse auf DNA-Basis kannst Du mehr \u00fcber Deine genetische Veranlagung mit Blick auf die Verarbeitung von Makro-N\u00e4hrstoffen und dem Kalorienverbrauch bei sportlicher Aktivit\u00e4t erfahren.&#8220;]SCHLANK WERDEN UND DIABETES VORBEUGEN[\/vc_custom_heading][vc_separator][vc_custom_heading heading_semantic=&#8220;h3&#8243; text_size=&#8220;h3&#8243; text_font=&#8220;font-762333&#8243; subheading=&#8220;Der wissenschaftlich entwickelte MetaCheck ermittelt anhand einer DNA-Analyse Deinen Meta-Typ. Wir unterscheiden vier verschiedene Meta-Typen, welche aufgrund Ihrer genetischen Veranlagung die Hauptbestandteile der Nahrung (Kohlenhydrate, Fette, Proteine) unterschiedlich gut verstoffwechseln. Du erh\u00e4lst eine umfangreiche schriftliche Auswertung in der Du erf\u00e4hrst, wie Du nun bei Deiner Ern\u00e4hrung und Deinem Training auch Deine genetische Stoffwechselveranlagung ber\u00fccksichtigst, und so in Kombination mit herk\u00f6mmlichen Ma\u00dfnahmen zur Gewichtsregulierung schnell, gesund und effektiv abnimmst. Die Bewegungsempfehlungen werden individuell von uns auf dich abgestimmt, um m\u00f6glichst schnell viele Kalorien zu verbrauchen!&#8220;]WISSENSCHAFTLICH ENTWICKELT[\/vc_custom_heading][\/vc_column][vc_column column_width_percent=&#8220;100&#8243; override_padding=&#8220;yes&#8220; column_padding=&#8220;0&#8243; overlay_alpha=&#8220;50&#8243; gutter_size=&#8220;3&#8243; medium_width=&#8220;0&#8243; shift_x=&#8220;0&#8243; shift_y=&#8220;0&#8243; z_index=&#8220;0&#8243; width=&#8220;1\/2&#8243;][vc_single_image media=&#8220;55087&#8243; media_width_percent=&#8220;100&#8243;][\/vc_column][\/vc_row]<\/p>\n","protected":false},"excerpt":{"rendered":"<p>[vc_row row_height_percent=&#8220;0&#8243; override_padding=&#8220;yes&#8220; h_padding=&#8220;2&#8243; top_padding=&#8220;5&#8243; bottom_padding=&#8220;5&#8243; back_color=&#8220;color-171865&#8243; overlay_alpha=&#8220;50&#8243; gutter_size=&#8220;3&#8243; shift_y=&#8220;0&#8243;][vc_column column_width_use_pixel=&#8220;yes&#8220; align_horizontal=&#8220;align_center&#8220; overlay_alpha=&#8220;50&#8243; gutter_size=&#8220;3&#8243; medium_width=&#8220;0&#8243; shift_x=&#8220;0&#8243; shift_y=&#8220;0&#8243; z_index=&#8220;0&#8243; width=&#8220;1\/1&#8243; column_width_pixel=&#8220;800&#8243;][vc_custom_heading text_size=&#8220;fontsize-155944&#8243; text_font=&#8220;font-762333&#8243; text_weight=&#8220;400&#8243; text_transform=&#8220;uppercase&#8220; separator=&#8220;yes&#8220; subheading=&#8220;Hast Du Verspannungen, Blockaden und Probleme mit der Wirbels\u00e4ule? Suchst Du Entspannung in Meditation und Yoga oder m\u00f6chtest Du einfach nur wieder fit werden und dabei noch abnehmen? Dann bist [&hellip;]<\/p>\n","protected":false},"author":1,"featured_media":0,"parent":0,"menu_order":0,"comment_status":"closed","ping_status":"closed","template":"","meta":{"_et_pb_use_builder":"","_et_pb_old_content":"","_et_gb_content_width":""},"_links":{"self":[{"href":"http:\/\/www.besser-drauf.com\/index.php\/wp-json\/wp\/v2\/pages\/54981"}],"collection":[{"href":"http:\/\/www.besser-drauf.com\/index.php\/wp-json\/wp\/v2\/pages"}],"about":[{"href":"http:\/\/www.besser-drauf.com\/index.php\/wp-json\/wp\/v2\/types\/page"}],"author":[{"embeddable":true,"href":"http:\/\/www.besser-drauf.com\/index.php\/wp-json\/wp\/v2\/users\/1"}],"replies":[{"embeddable":true,"href":"http:\/\/www.besser-drauf.com\/index.php\/wp-json\/wp\/v2\/comments?post=54981"}],"version-history":[{"count":113,"href":"http:\/\/www.besser-drauf.com\/index.php\/wp-json\/wp\/v2\/pages\/54981\/revisions"}],"predecessor-version":[{"id":54988,"href":"http:\/\/www.besser-drauf.com\/index.php\/wp-json\/wp\/v2\/pages\/54981\/revisions\/54988"}],"wp:attachment":[{"href":"http:\/\/www.besser-drauf.com\/index.php\/wp-json\/wp\/v2\/media?parent=54981"}],"curies":[{"name":"wp","href":"https:\/\/api.w.org\/{rel}","templated":true}]}}